{"id":608,"date":"2019-03-27T13:57:29","date_gmt":"2019-03-27T12:57:29","guid":{"rendered":"https:\/\/fcv.unl.edu.ar\/citec\/?page_id=608"},"modified":"2026-04-16T11:40:38","modified_gmt":"2026-04-16T14:40:38","slug":"realidad-aumentada","status":"publish","type":"page","link":"https:\/\/fcv.unl.edu.ar\/citec\/?page_id=608","title":{"rendered":"Realidad Virtual"},"content":{"rendered":"\t\t<div data-elementor-type=\"wp-post\" data-elementor-id=\"608\" class=\"elementor elementor-608\">\n\t\t\t\t\t\t<div class=\"elementor-inner\">\n\t\t\t\t<div class=\"elementor-section-wrap\">\n\t\t\t\t\t\t\t\t\t<section class=\"elementor-section elementor-top-section elementor-element elementor-element-69913bf1 elementor-section-stretched elementor-section-height-min-height elementor-section-boxed elementor-section-height-default elementor-section-items-middle\" data-id=\"69913bf1\" data-element_type=\"section\" data-settings=\"{&quot;stretch_section&quot;:&quot;section-stretched&quot;,&quot;background_background&quot;:&quot;classic&quot;}\">\n\t\t\t\t\t\t\t<div class=\"elementor-background-overlay\"><\/div>\n\t\t\t\t\t\t\t<div class=\"elementor-container elementor-column-gap-default\">\n\t\t\t\t\t\t\t<div class=\"elementor-row\">\n\t\t\t\t\t<div class=\"elementor-column elementor-col-100 elementor-top-column elementor-element elementor-element-734e068\" data-id=\"734e068\" data-element_type=\"column\">\n\t\t\t<div class=\"elementor-column-wrap elementor-element-populated\">\n\t\t\t\t\t\t\t<div class=\"elementor-widget-wrap\">\n\t\t\t\t\t\t<div class=\"elementor-element elementor-element-2d9ea8f elementor-widget elementor-widget-heading\" data-id=\"2d9ea8f\" data-element_type=\"widget\" data-widget_type=\"heading.default\">\n\t\t\t\t<div class=\"elementor-widget-container\">\n\t\t\t<h2 class=\"elementor-heading-title elementor-size-xl\">REALIDAD VIRTUAL<\/h2>\t\t<\/div>\n\t\t\t\t<\/div>\n\t\t\t\t\t\t<\/div>\n\t\t\t\t\t<\/div>\n\t\t<\/div>\n\t\t\t\t\t\t\t\t<\/div>\n\t\t\t\t\t<\/div>\n\t\t<\/section>\n\t\t\t\t<section class=\"elementor-section elementor-top-section elementor-element elementor-element-38fe6898 elementor-section-boxed elementor-section-height-default elementor-section-height-default\" data-id=\"38fe6898\" data-element_type=\"section\">\n\t\t\t\t\t\t<div class=\"elementor-container elementor-column-gap-default\">\n\t\t\t\t\t\t\t<div class=\"elementor-row\">\n\t\t\t\t\t<div class=\"elementor-column elementor-col-100 elementor-top-column elementor-element elementor-element-76ab27f4\" data-id=\"76ab27f4\" data-element_type=\"column\">\n\t\t\t<div class=\"elementor-column-wrap elementor-element-populated\">\n\t\t\t\t\t\t\t<div class=\"elementor-widget-wrap\">\n\t\t\t\t\t\t<div class=\"elementor-element elementor-element-b6cfaad elementor-widget elementor-widget-spacer\" data-id=\"b6cfaad\" data-element_type=\"widget\" data-widget_type=\"spacer.default\">\n\t\t\t\t<div class=\"elementor-widget-container\">\n\t\t\t\t\t<div class=\"elementor-spacer\">\n\t\t\t<div class=\"elementor-spacer-inner\"><\/div>\n\t\t<\/div>\n\t\t\t\t<\/div>\n\t\t\t\t<\/div>\n\t\t\t\t<div class=\"elementor-element elementor-element-11295fd7 elementor-grid-3 elementor-grid-tablet-2 elementor-grid-mobile-1 elementor-posts--thumbnail-top elementor-card-shadow-yes elementor-posts__hover-gradient elementor-widget elementor-widget-posts\" data-id=\"11295fd7\" data-element_type=\"widget\" data-settings=\"{&quot;cards_columns&quot;:&quot;3&quot;,&quot;cards_columns_tablet&quot;:&quot;2&quot;,&quot;cards_columns_mobile&quot;:&quot;1&quot;,&quot;cards_row_gap&quot;:{&quot;unit&quot;:&quot;px&quot;,&quot;size&quot;:35,&quot;sizes&quot;:[]},&quot;cards_row_gap_tablet&quot;:{&quot;unit&quot;:&quot;px&quot;,&quot;size&quot;:&quot;&quot;,&quot;sizes&quot;:[]},&quot;cards_row_gap_mobile&quot;:{&quot;unit&quot;:&quot;px&quot;,&quot;size&quot;:&quot;&quot;,&quot;sizes&quot;:[]}}\" data-widget_type=\"posts.cards\">\n\t\t\t\t<div class=\"elementor-widget-container\">\n\t\t\t\t\t<div class=\"elementor-posts-container elementor-posts elementor-posts--skin-cards elementor-grid\">\n\t\t\t\t<article class=\"elementor-post elementor-grid-item post-9752 post type-post status-publish format-standard has-post-thumbnail hentry category-novedades category-realidad-virtual entry has-media\">\n\t\t\t<div class=\"elementor-post__card\">\n\t\t\t\t<a class=\"elementor-post__thumbnail__link\" href=\"https:\/\/fcv.unl.edu.ar\/citec\/?p=9752\" ><div class=\"elementor-post__thumbnail\"><img width=\"225\" height=\"300\" src=\"https:\/\/fcv.unl.edu.ar\/citec\/wp-content\/uploads\/2026\/04\/WhatsApp-Image-2026-03-13-at-2.32.33-PM-2-e1776266832310-225x300.jpg\" class=\"attachment-medium size-medium\" alt=\"\" loading=\"lazy\" srcset=\"https:\/\/fcv.unl.edu.ar\/citec\/wp-content\/uploads\/2026\/04\/WhatsApp-Image-2026-03-13-at-2.32.33-PM-2-e1776266832310-225x300.jpg 225w, https:\/\/fcv.unl.edu.ar\/citec\/wp-content\/uploads\/2026\/04\/WhatsApp-Image-2026-03-13-at-2.32.33-PM-2-e1776266832310-768x1024.jpg 768w, https:\/\/fcv.unl.edu.ar\/citec\/wp-content\/uploads\/2026\/04\/WhatsApp-Image-2026-03-13-at-2.32.33-PM-2-e1776266832310.jpg 960w\" sizes=\"(max-width: 225px) 100vw, 225px\" \/><\/div><\/a>\n\t\t\t\t<div class=\"elementor-post__badge\">Novedades<\/div>\n\t\t\t\t<div class=\"elementor-post__text\">\n\t\t\t\t<h3 class=\"elementor-post__title\">\n\t\t\t<a href=\"https:\/\/fcv.unl.edu.ar\/citec\/?p=9752\" >\n\t\t\t\tExperiencia av\u00edcola con Realidad Virtual en el aula\t\t\t<\/a>\n\t\t<\/h3>\n\t\t\t\t<div class=\"elementor-post__excerpt\">\n\t\t\t<p>Acercamos contextos reales al aula a trav\u00e9s de la tecnolog\u00eda. Con docentes de la asignatura Producci\u00f3n de Aves de nuestra Facultad, mediante el uso de<\/p>\n\t\t<\/div>\n\t\t\n\t\t<a class=\"elementor-post__read-more\" href=\"https:\/\/fcv.unl.edu.ar\/citec\/?p=9752\" >\n\t\t\tRead More \u00bb\t\t<\/a>\n\n\t\t\t\t<\/div>\n\t\t\t\t<div class=\"elementor-post__meta-data\">\n\t\t\t\t\t<span class=\"elementor-post-date\">\n\t\t\t15 abril, 2026\t\t<\/span>\n\t\t\t\t<span class=\"elementor-post-avatar\">\n\t\t\tNo hay comentarios\t\t<\/span>\n\t\t\t\t<\/div>\n\t\t\t\t\t<\/div>\n\t\t<\/article>\n\t\t\t\t<article class=\"elementor-post elementor-grid-item post-8730 post type-post status-publish format-standard has-post-thumbnail hentry category-realidad-virtual entry has-media\">\n\t\t\t<div class=\"elementor-post__card\">\n\t\t\t\t<a class=\"elementor-post__thumbnail__link\" href=\"https:\/\/fcv.unl.edu.ar\/citec\/?p=8730\" ><div class=\"elementor-post__thumbnail\"><img width=\"300\" height=\"225\" src=\"https:\/\/fcv.unl.edu.ar\/citec\/wp-content\/uploads\/2025\/07\/IMG-20250416-WA00555-300x225.jpg\" class=\"attachment-medium size-medium\" alt=\"\" loading=\"lazy\" srcset=\"https:\/\/fcv.unl.edu.ar\/citec\/wp-content\/uploads\/2025\/07\/IMG-20250416-WA00555-300x225.jpg 300w, https:\/\/fcv.unl.edu.ar\/citec\/wp-content\/uploads\/2025\/07\/IMG-20250416-WA00555-1024x768.jpg 1024w, https:\/\/fcv.unl.edu.ar\/citec\/wp-content\/uploads\/2025\/07\/IMG-20250416-WA00555-768x576.jpg 768w, https:\/\/fcv.unl.edu.ar\/citec\/wp-content\/uploads\/2025\/07\/IMG-20250416-WA00555-1536x1152.jpg 1536w, https:\/\/fcv.unl.edu.ar\/citec\/wp-content\/uploads\/2025\/07\/IMG-20250416-WA00555-2048x1536.jpg 2048w\" sizes=\"(max-width: 300px) 100vw, 300px\" \/><\/div><\/a>\n\t\t\t\t<div class=\"elementor-post__badge\">Realidad Virtual<\/div>\n\t\t\t\t<div class=\"elementor-post__text\">\n\t\t\t\t<h3 class=\"elementor-post__title\">\n\t\t\t<a href=\"https:\/\/fcv.unl.edu.ar\/citec\/?p=8730\" >\n\t\t\t\tInnovaci\u00f3n inmersiva para la ense\u00f1anza de la Qu\u00edmica\t\t\t<\/a>\n\t\t<\/h3>\n\t\t\t\t<div class=\"elementor-post__excerpt\">\n\t\t\t<p>Trabajo desarrollado en conjunto con la c\u00e1tedra Qu\u00edmica, orientado a fortalecer el reconocimiento de materiales y normas b\u00e1sicas de seguridad en el laboratorio<\/p>\n\t\t<\/div>\n\t\t\n\t\t<a class=\"elementor-post__read-more\" href=\"https:\/\/fcv.unl.edu.ar\/citec\/?p=8730\" >\n\t\t\tRead More \u00bb\t\t<\/a>\n\n\t\t\t\t<\/div>\n\t\t\t\t<div class=\"elementor-post__meta-data\">\n\t\t\t\t\t<span class=\"elementor-post-date\">\n\t\t\t3 julio, 2025\t\t<\/span>\n\t\t\t\t<span class=\"elementor-post-avatar\">\n\t\t\tNo hay comentarios\t\t<\/span>\n\t\t\t\t<\/div>\n\t\t\t\t\t<\/div>\n\t\t<\/article>\n\t\t\t\t<article class=\"elementor-post elementor-grid-item post-682 post type-post status-publish format-standard has-post-thumbnail hentry category-realidad-virtual entry has-media\">\n\t\t\t<div class=\"elementor-post__card\">\n\t\t\t\t<a class=\"elementor-post__thumbnail__link\" href=\"https:\/\/fcv.unl.edu.ar\/citec\/?p=682\" ><div class=\"elementor-post__thumbnail\"><img width=\"300\" height=\"273\" src=\"https:\/\/fcv.unl.edu.ar\/citec\/wp-content\/uploads\/2019\/03\/gafas-300x273.png\" class=\"attachment-medium size-medium\" alt=\"\" loading=\"lazy\" srcset=\"https:\/\/fcv.unl.edu.ar\/citec\/wp-content\/uploads\/2019\/03\/gafas-300x273.png 300w, https:\/\/fcv.unl.edu.ar\/citec\/wp-content\/uploads\/2019\/03\/gafas-768x700.png 768w, https:\/\/fcv.unl.edu.ar\/citec\/wp-content\/uploads\/2019\/03\/gafas-1024x933.png 1024w, https:\/\/fcv.unl.edu.ar\/citec\/wp-content\/uploads\/2019\/03\/gafas.png 2013w\" sizes=\"(max-width: 300px) 100vw, 300px\" \/><\/div><\/a>\n\t\t\t\t<div class=\"elementor-post__badge\">Realidad Virtual<\/div>\n\t\t\t\t<div class=\"elementor-post__text\">\n\t\t\t\t<h3 class=\"elementor-post__title\">\n\t\t\t<a href=\"https:\/\/fcv.unl.edu.ar\/citec\/?p=682\" >\n\t\t\t\tImplementaci\u00f3n de tecnolog\u00eda disruptiva para el aprendizaje de Biolog\u00eda Celular\t\t\t<\/a>\n\t\t<\/h3>\n\t\t\t\t<div class=\"elementor-post__excerpt\">\n\t\t\t<p>Trabajo realizado en forma conjunta con la c\u00e1tedra Biolog\u00eda Celular en pos de fortalecer el aprendizaje de las partes y funciones de una c\u00e9lula animal. <\/p>\n\t\t<\/div>\n\t\t\n\t\t<a class=\"elementor-post__read-more\" href=\"https:\/\/fcv.unl.edu.ar\/citec\/?p=682\" >\n\t\t\tRead More \u00bb\t\t<\/a>\n\n\t\t\t\t<\/div>\n\t\t\t\t<div class=\"elementor-post__meta-data\">\n\t\t\t\t\t<span class=\"elementor-post-date\">\n\t\t\t27 marzo, 2019\t\t<\/span>\n\t\t\t\t<span class=\"elementor-post-avatar\">\n\t\t\tNo hay comentarios\t\t<\/span>\n\t\t\t\t<\/div>\n\t\t\t\t\t<\/div>\n\t\t<\/article>\n\t\t\t\t<\/div>\n\n\n\t\t\n\t\t\t\t<\/div>\n\t\t\t\t<\/div>\n\t\t\t\t<div class=\"elementor-element elementor-element-eeabe17 elementor-widget elementor-widget-spacer\" data-id=\"eeabe17\" data-element_type=\"widget\" data-widget_type=\"spacer.default\">\n\t\t\t\t<div class=\"elementor-widget-container\">\n\t\t\t\t\t<div class=\"elementor-spacer\">\n\t\t\t<div class=\"elementor-spacer-inner\"><\/div>\n\t\t<\/div>\n\t\t\t\t<\/div>\n\t\t\t\t<\/div>\n\t\t\t\t\t\t<\/div>\n\t\t\t\t\t<\/div>\n\t\t<\/div>\n\t\t\t\t\t\t\t\t<\/div>\n\t\t\t\t\t<\/div>\n\t\t<\/section>\n\t\t\t\t\t\t\t\t\t<\/div>\n\t\t\t<\/div>\n\t\t\t\t\t<\/div>\n\t\t","protected":false},"excerpt":{"rendered":"<p>REALIDAD VIRTUAL<\/p>\n","protected":false},"author":1,"featured_media":0,"parent":377,"menu_order":0,"comment_status":"closed","ping_status":"closed","template":"","meta":[],"_links":{"self":[{"href":"https:\/\/fcv.unl.edu.ar\/citec\/index.php?rest_route=\/wp\/v2\/pages\/608"}],"collection":[{"href":"https:\/\/fcv.unl.edu.ar\/citec\/index.php?rest_route=\/wp\/v2\/pages"}],"about":[{"href":"https:\/\/fcv.unl.edu.ar\/citec\/index.php?rest_route=\/wp\/v2\/types\/page"}],"author":[{"embeddable":true,"href":"https:\/\/fcv.unl.edu.ar\/citec\/index.php?rest_route=\/wp\/v2\/users\/1"}],"replies":[{"embeddable":true,"href":"https:\/\/fcv.unl.edu.ar\/citec\/index.php?rest_route=%2Fwp%2Fv2%2Fcomments&post=608"}],"version-history":[{"count":23,"href":"https:\/\/fcv.unl.edu.ar\/citec\/index.php?rest_route=\/wp\/v2\/pages\/608\/revisions"}],"predecessor-version":[{"id":9785,"href":"https:\/\/fcv.unl.edu.ar\/citec\/index.php?rest_route=\/wp\/v2\/pages\/608\/revisions\/9785"}],"up":[{"embeddable":true,"href":"https:\/\/fcv.unl.edu.ar\/citec\/index.php?rest_route=\/wp\/v2\/pages\/377"}],"wp:attachment":[{"href":"https:\/\/fcv.unl.edu.ar\/citec\/index.php?rest_route=%2Fwp%2Fv2%2Fmedia&parent=608"}],"curies":[{"name":"wp","href":"https:\/\/api.w.org\/{rel}","templated":true}]}}