{"id":4936,"date":"2022-05-26T23:20:13","date_gmt":"2022-05-27T02:20:13","guid":{"rendered":"https:\/\/fcv.unl.edu.ar\/citec\/?page_id=4936"},"modified":"2024-12-04T11:42:58","modified_gmt":"2024-12-04T14:42:58","slug":"simuladores","status":"publish","type":"page","link":"https:\/\/fcv.unl.edu.ar\/citec\/?page_id=4936","title":{"rendered":"Simuladores"},"content":{"rendered":"\t\t<div data-elementor-type=\"wp-post\" data-elementor-id=\"4936\" class=\"elementor elementor-4936\">\n\t\t\t\t\t\t<div class=\"elementor-inner\">\n\t\t\t\t<div class=\"elementor-section-wrap\">\n\t\t\t\t\t\t\t\t\t<section class=\"elementor-section elementor-top-section elementor-element elementor-element-40c6561f elementor-section-stretched elementor-section-height-min-height elementor-section-boxed elementor-section-height-default elementor-section-items-middle\" data-id=\"40c6561f\" data-element_type=\"section\" data-settings=\"{&quot;stretch_section&quot;:&quot;section-stretched&quot;,&quot;background_background&quot;:&quot;classic&quot;}\">\n\t\t\t\t\t\t\t<div class=\"elementor-background-overlay\"><\/div>\n\t\t\t\t\t\t\t<div class=\"elementor-container elementor-column-gap-default\">\n\t\t\t\t\t\t\t<div class=\"elementor-row\">\n\t\t\t\t\t<div class=\"elementor-column elementor-col-100 elementor-top-column elementor-element elementor-element-f6392e7\" data-id=\"f6392e7\" data-element_type=\"column\">\n\t\t\t<div class=\"elementor-column-wrap elementor-element-populated\">\n\t\t\t\t\t\t\t<div class=\"elementor-widget-wrap\">\n\t\t\t\t\t\t<div class=\"elementor-element elementor-element-bda056a elementor-widget elementor-widget-heading\" data-id=\"bda056a\" data-element_type=\"widget\" data-widget_type=\"heading.default\">\n\t\t\t\t<div class=\"elementor-widget-container\">\n\t\t\t<h2 class=\"elementor-heading-title elementor-size-xl\">IMPRESI\u00d3N 3D<\/h2>\t\t<\/div>\n\t\t\t\t<\/div>\n\t\t\t\t\t\t<\/div>\n\t\t\t\t\t<\/div>\n\t\t<\/div>\n\t\t\t\t\t\t\t\t<\/div>\n\t\t\t\t\t<\/div>\n\t\t<\/section>\n\t\t\t\t<section class=\"elementor-section elementor-top-section elementor-element elementor-element-32017c36 elementor-section-boxed elementor-section-height-default elementor-section-height-default\" data-id=\"32017c36\" data-element_type=\"section\">\n\t\t\t\t\t\t<div class=\"elementor-container elementor-column-gap-default\">\n\t\t\t\t\t\t\t<div class=\"elementor-row\">\n\t\t\t\t\t<div class=\"elementor-column elementor-col-100 elementor-top-column elementor-element elementor-element-60c47a65\" data-id=\"60c47a65\" data-element_type=\"column\">\n\t\t\t<div class=\"elementor-column-wrap elementor-element-populated\">\n\t\t\t\t\t\t\t<div class=\"elementor-widget-wrap\">\n\t\t\t\t\t\t<div class=\"elementor-element elementor-element-65f9091a elementor-widget elementor-widget-spacer\" data-id=\"65f9091a\" data-element_type=\"widget\" data-widget_type=\"spacer.default\">\n\t\t\t\t<div class=\"elementor-widget-container\">\n\t\t\t\t\t<div class=\"elementor-spacer\">\n\t\t\t<div class=\"elementor-spacer-inner\"><\/div>\n\t\t<\/div>\n\t\t\t\t<\/div>\n\t\t\t\t<\/div>\n\t\t\t\t<div class=\"elementor-element elementor-element-da08693 elementor-grid-1 elementor-posts--thumbnail-left elementor-posts--align-left elementor-grid-tablet-2 elementor-grid-mobile-1 elementor-widget elementor-widget-posts\" data-id=\"da08693\" data-element_type=\"widget\" data-settings=\"{&quot;classic_columns&quot;:&quot;1&quot;,&quot;classic_row_gap&quot;:{&quot;unit&quot;:&quot;px&quot;,&quot;size&quot;:25,&quot;sizes&quot;:[]},&quot;classic_columns_tablet&quot;:&quot;2&quot;,&quot;classic_columns_mobile&quot;:&quot;1&quot;,&quot;classic_row_gap_tablet&quot;:{&quot;unit&quot;:&quot;px&quot;,&quot;size&quot;:&quot;&quot;,&quot;sizes&quot;:[]},&quot;classic_row_gap_mobile&quot;:{&quot;unit&quot;:&quot;px&quot;,&quot;size&quot;:&quot;&quot;,&quot;sizes&quot;:[]}}\" data-widget_type=\"posts.classic\">\n\t\t\t\t<div class=\"elementor-widget-container\">\n\t\t\t\t\t<div class=\"elementor-posts-container elementor-posts elementor-posts--skin-classic elementor-grid\">\n\t\t\t\t<article class=\"elementor-post elementor-grid-item post-9801 post type-post status-publish format-standard has-post-thumbnail hentry category-impresion-3d category-novedades category-simuladores entry has-media\">\n\t\t\t\t<a class=\"elementor-post__thumbnail__link\" href=\"https:\/\/fcv.unl.edu.ar\/citec\/?p=9801\" >\n\t\t\t<div class=\"elementor-post__thumbnail\"><img width=\"768\" height=\"1024\" src=\"https:\/\/fcv.unl.edu.ar\/citec\/wp-content\/uploads\/2026\/04\/WhatsApp-Image-2026-04-22-at-9.17.33-AM-e1776860354301-768x1024.jpeg\" class=\"attachment-large size-large\" alt=\"\" loading=\"lazy\" \/><\/div>\n\t\t<\/a>\n\t\t\t\t<div class=\"elementor-post__text\">\n\t\t\t\t<h3 class=\"elementor-post__title\">\n\t\t\t<a href=\"https:\/\/fcv.unl.edu.ar\/citec\/?p=9801\" >\n\t\t\t\tSimulaci\u00f3n anat\u00f3mica mediante impresi\u00f3n 3D: cr\u00e1neo de canino para pr\u00e1cticas de intubaci\u00f3n\t\t\t<\/a>\n\t\t<\/h3>\n\t\t\t\t<div class=\"elementor-post__meta-data\">\n\t\t\t\t\t<span class=\"elementor-post-date\">\n\t\t\t22 abril, 2026\t\t<\/span>\n\t\t\t\t<\/div>\n\t\t\t\t<div class=\"elementor-post__excerpt\">\n\t\t\t<p>El cr\u00e1neo canino desarrollado mediante impresi\u00f3n 3D constituye una herramienta did\u00e1ctica dise\u00f1ada para mejorar la ense\u00f1anza de la intubaci\u00f3n en estudiantes de medicina veterinaria. A partir de modelos digitales anat\u00f3micamente precisos, se logr\u00f3 reproducir las principales estructuras \u00f3seas involucradas en el procedimiento, permitiendo pr\u00e1cticas seguras, repetibles y libres de riesgo para el paciente. Este recurso facilita la comprensi\u00f3n espacial y el entrenamiento t\u00e9cnico, integrando innovaci\u00f3n tecnol\u00f3gica en la formaci\u00f3n quir\u00fargica.<\/p>\n\t\t<\/div>\n\t\t\n\t\t<a class=\"elementor-post__read-more\" href=\"https:\/\/fcv.unl.edu.ar\/citec\/?p=9801\" >\n\t\t\tCONOCER PROYECTO &gt;&gt;\t\t<\/a>\n\n\t\t\t\t<\/div>\n\t\t\t\t<\/article>\n\t\t\t\t<article class=\"elementor-post elementor-grid-item post-9211 post type-post status-publish format-standard has-post-thumbnail hentry category-novedades category-simuladores entry has-media\">\n\t\t\t\t<a class=\"elementor-post__thumbnail__link\" href=\"https:\/\/fcv.unl.edu.ar\/citec\/?p=9211\" >\n\t\t\t<div class=\"elementor-post__thumbnail\"><img width=\"1024\" height=\"683\" src=\"https:\/\/fcv.unl.edu.ar\/citec\/wp-content\/uploads\/2025\/12\/DSC_8914-1024x683.jpg\" class=\"attachment-large size-large\" alt=\"\" loading=\"lazy\" \/><\/div>\n\t\t<\/a>\n\t\t\t\t<div class=\"elementor-post__text\">\n\t\t\t\t<h3 class=\"elementor-post__title\">\n\t\t\t<a href=\"https:\/\/fcv.unl.edu.ar\/citec\/?p=9211\" >\n\t\t\t\tCierre del Proyecto Simulador de Laparoscop\u00eda 3D \u2013 Un logro colaborativo\t\t\t<\/a>\n\t\t<\/h3>\n\t\t\t\t<div class=\"elementor-post__meta-data\">\n\t\t\t\t\t<span class=\"elementor-post-date\">\n\t\t\t10 diciembre, 2025\t\t<\/span>\n\t\t\t\t<\/div>\n\t\t\t\t<div class=\"elementor-post__excerpt\">\n\t\t\t<p>El pasado jueves 4 de noviembre se llev\u00f3 a cabo la presentaci\u00f3n de cierre del proyecto &#8220;Simulador de Laparoscop\u00eda veterinaria<\/p>\n\t\t<\/div>\n\t\t\n\t\t<a class=\"elementor-post__read-more\" href=\"https:\/\/fcv.unl.edu.ar\/citec\/?p=9211\" >\n\t\t\tCONOCER PROYECTO &gt;&gt;\t\t<\/a>\n\n\t\t\t\t<\/div>\n\t\t\t\t<\/article>\n\t\t\t\t<article class=\"elementor-post elementor-grid-item post-8766 post type-post status-publish format-standard has-post-thumbnail hentry category-simuladores entry has-media\">\n\t\t\t\t<a class=\"elementor-post__thumbnail__link\" href=\"https:\/\/fcv.unl.edu.ar\/citec\/?p=8766\" >\n\t\t\t<div class=\"elementor-post__thumbnail\"><img width=\"683\" height=\"1024\" src=\"https:\/\/fcv.unl.edu.ar\/citec\/wp-content\/uploads\/2025\/08\/DSC_7838-683x1024.jpg\" class=\"attachment-large size-large\" alt=\"\" loading=\"lazy\" \/><\/div>\n\t\t<\/a>\n\t\t\t\t<div class=\"elementor-post__text\">\n\t\t\t\t<h3 class=\"elementor-post__title\">\n\t\t\t<a href=\"https:\/\/fcv.unl.edu.ar\/citec\/?p=8766\" >\n\t\t\t\t\u00datero porcino impreso en 3D\t\t\t<\/a>\n\t\t<\/h3>\n\t\t\t\t<div class=\"elementor-post__meta-data\">\n\t\t\t\t\t<span class=\"elementor-post-date\">\n\t\t\t5 agosto, 2025\t\t<\/span>\n\t\t\t\t<\/div>\n\t\t\t\t<div class=\"elementor-post__excerpt\">\n\t\t\t<p>Innovaci\u00f3n educativa en producci\u00f3n porcina: modelo anat\u00f3mico 3D Desde el \u00e1rea de Impresi\u00f3n 3D de CITec desarrollamos un modelo anat\u00f3mico<\/p>\n\t\t<\/div>\n\t\t\n\t\t<a class=\"elementor-post__read-more\" href=\"https:\/\/fcv.unl.edu.ar\/citec\/?p=8766\" >\n\t\t\tCONOCER PROYECTO &gt;&gt;\t\t<\/a>\n\n\t\t\t\t<\/div>\n\t\t\t\t<\/article>\n\t\t\t\t<article class=\"elementor-post elementor-grid-item post-644 post type-post status-publish format-standard has-post-thumbnail hentry category-novedades category-paginaprincipal category-produccion category-simuladores entry has-media\">\n\t\t\t\t<a class=\"elementor-post__thumbnail__link\" href=\"https:\/\/fcv.unl.edu.ar\/citec\/?p=644\" >\n\t\t\t<div class=\"elementor-post__thumbnail\"><img width=\"1024\" height=\"683\" src=\"https:\/\/fcv.unl.edu.ar\/citec\/wp-content\/uploads\/2022\/05\/kit-completo-1024x683.jpg\" class=\"attachment-large size-large\" alt=\"\" loading=\"lazy\" \/><\/div>\n\t\t<\/a>\n\t\t\t\t<div class=\"elementor-post__text\">\n\t\t\t\t<h3 class=\"elementor-post__title\">\n\t\t\t<a href=\"https:\/\/fcv.unl.edu.ar\/citec\/?p=644\" >\n\t\t\t\tProyecto &#8220;Simulador de suturas&#8221;\t\t\t<\/a>\n\t\t<\/h3>\n\t\t\t\t<div class=\"elementor-post__meta-data\">\n\t\t\t\t\t<span class=\"elementor-post-date\">\n\t\t\t10 mayo, 2022\t\t<\/span>\n\t\t\t\t<\/div>\n\t\t\t\t<div class=\"elementor-post__excerpt\">\n\t\t\t<p>Dise\u00f1o y desarrollo de simulador de suturas, en diversos modelos, para acercar al alumno a una pr\u00e1ctica m\u00e1s real e innovadora.<\/p>\n\t\t<\/div>\n\t\t\n\t\t<a class=\"elementor-post__read-more\" href=\"https:\/\/fcv.unl.edu.ar\/citec\/?p=644\" >\n\t\t\tCONOCER PROYECTO &gt;&gt;\t\t<\/a>\n\n\t\t\t\t<\/div>\n\t\t\t\t<\/article>\n\t\t\t\t<article class=\"elementor-post elementor-grid-item post-1815 post type-post status-publish format-standard has-post-thumbnail hentry category-menu category-produccion category-simuladores entry has-media\">\n\t\t\t\t<a class=\"elementor-post__thumbnail__link\" href=\"https:\/\/fcv.unl.edu.ar\/citec\/?p=1815\" >\n\t\t\t<div class=\"elementor-post__thumbnail\"><img width=\"500\" height=\"643\" src=\"https:\/\/fcv.unl.edu.ar\/citec\/wp-content\/uploads\/2019\/08\/impresora3D-1-e1568212785839.jpeg\" class=\"attachment-large size-large\" alt=\"\" loading=\"lazy\" \/><\/div>\n\t\t<\/a>\n\t\t\t\t<div class=\"elementor-post__text\">\n\t\t\t\t<h3 class=\"elementor-post__title\">\n\t\t\t<a href=\"https:\/\/fcv.unl.edu.ar\/citec\/?p=1815\" >\n\t\t\t\tProyecto de Extensi\u00f3n de Educaci\u00f3n Experiencial (PEEE)\t\t\t<\/a>\n\t\t<\/h3>\n\t\t\t\t<div class=\"elementor-post__meta-data\">\n\t\t\t\t\t<span class=\"elementor-post-date\">\n\t\t\t23 septiembre, 2019\t\t<\/span>\n\t\t\t\t<\/div>\n\t\t\t\t<div class=\"elementor-post__excerpt\">\n\t\t\t<p>Propuesta de Pr\u00e1ctica de Extensi\u00f3n de Educaci\u00f3n Experiencial &#8220;Construcci\u00f3n de simuladores para el desarrollo de maniobras pr\u00e1cticas en peque\u00f1os animales junto a la Escuela de Educaci\u00f3n T\u00e9cnica N\u00ba 455.&#8221;<\/p>\n\t\t<\/div>\n\t\t\n\t\t<a class=\"elementor-post__read-more\" href=\"https:\/\/fcv.unl.edu.ar\/citec\/?p=1815\" >\n\t\t\tCONOCER PROYECTO &gt;&gt;\t\t<\/a>\n\n\t\t\t\t<\/div>\n\t\t\t\t<\/article>\n\t\t\t\t<\/div>\n\n\n\t\t\n\t\t\t\t<\/div>\n\t\t\t\t<\/div>\n\t\t\t\t<div class=\"elementor-element elementor-element-63c1992 elementor-widget elementor-widget-spacer\" data-id=\"63c1992\" data-element_type=\"widget\" data-widget_type=\"spacer.default\">\n\t\t\t\t<div class=\"elementor-widget-container\">\n\t\t\t\t\t<div class=\"elementor-spacer\">\n\t\t\t<div class=\"elementor-spacer-inner\"><\/div>\n\t\t<\/div>\n\t\t\t\t<\/div>\n\t\t\t\t<\/div>\n\t\t\t\t\t\t<\/div>\n\t\t\t\t\t<\/div>\n\t\t<\/div>\n\t\t\t\t\t\t\t\t<\/div>\n\t\t\t\t\t<\/div>\n\t\t<\/section>\n\t\t\t\t\t\t\t\t\t<\/div>\n\t\t\t<\/div>\n\t\t\t\t\t<\/div>\n\t\t","protected":false},"excerpt":{"rendered":"<p>IMPRESI\u00d3N 3D<\/p>\n","protected":false},"author":1,"featured_media":0,"parent":377,"menu_order":0,"comment_status":"closed","ping_status":"closed","template":"","meta":[],"_links":{"self":[{"href":"https:\/\/fcv.unl.edu.ar\/citec\/index.php?rest_route=\/wp\/v2\/pages\/4936"}],"collection":[{"href":"https:\/\/fcv.unl.edu.ar\/citec\/index.php?rest_route=\/wp\/v2\/pages"}],"about":[{"href":"https:\/\/fcv.unl.edu.ar\/citec\/index.php?rest_route=\/wp\/v2\/types\/page"}],"author":[{"embeddable":true,"href":"https:\/\/fcv.unl.edu.ar\/citec\/index.php?rest_route=\/wp\/v2\/users\/1"}],"replies":[{"embeddable":true,"href":"https:\/\/fcv.unl.edu.ar\/citec\/index.php?rest_route=%2Fwp%2Fv2%2Fcomments&post=4936"}],"version-history":[{"count":19,"href":"https:\/\/fcv.unl.edu.ar\/citec\/index.php?rest_route=\/wp\/v2\/pages\/4936\/revisions"}],"predecessor-version":[{"id":8124,"href":"https:\/\/fcv.unl.edu.ar\/citec\/index.php?rest_route=\/wp\/v2\/pages\/4936\/revisions\/8124"}],"up":[{"embeddable":true,"href":"https:\/\/fcv.unl.edu.ar\/citec\/index.php?rest_route=\/wp\/v2\/pages\/377"}],"wp:attachment":[{"href":"https:\/\/fcv.unl.edu.ar\/citec\/index.php?rest_route=%2Fwp%2Fv2%2Fmedia&parent=4936"}],"curies":[{"name":"wp","href":"https:\/\/api.w.org\/{rel}","templated":true}]}}