{"id":4156,"date":"2021-12-15T10:40:53","date_gmt":"2021-12-15T13:40:53","guid":{"rendered":"https:\/\/fcv.unl.edu.ar\/citec\/?page_id=4156"},"modified":"2021-12-15T12:05:23","modified_gmt":"2021-12-15T15:05:23","slug":"informe-final-de-propuestas","status":"publish","type":"page","link":"https:\/\/fcv.unl.edu.ar\/citec\/?page_id=4156","title":{"rendered":"Informe Final de Propuestas"},"content":{"rendered":"\t\t<div data-elementor-type=\"wp-post\" data-elementor-id=\"4156\" class=\"elementor elementor-4156\">\n\t\t\t\t\t\t<div class=\"elementor-inner\">\n\t\t\t\t<div class=\"elementor-section-wrap\">\n\t\t\t\t\t\t\t\t\t<section class=\"elementor-section elementor-top-section elementor-element elementor-element-2953190 elementor-section-boxed elementor-section-height-default elementor-section-height-default\" data-id=\"2953190\" data-element_type=\"section\">\n\t\t\t\t\t\t<div class=\"elementor-container elementor-column-gap-default\">\n\t\t\t\t\t\t\t<div class=\"elementor-row\">\n\t\t\t\t\t<div class=\"elementor-column elementor-col-100 elementor-top-column elementor-element elementor-element-3438cd6\" data-id=\"3438cd6\" data-element_type=\"column\">\n\t\t\t<div class=\"elementor-column-wrap elementor-element-populated\">\n\t\t\t\t\t\t\t<div class=\"elementor-widget-wrap\">\n\t\t\t\t\t\t<div class=\"elementor-element elementor-element-10511c9 elementor-widget elementor-widget-heading\" data-id=\"10511c9\" data-element_type=\"widget\" data-widget_type=\"heading.default\">\n\t\t\t\t<div class=\"elementor-widget-container\">\n\t\t\t<h2 class=\"elementor-heading-title elementor-size-default\">Formulario Informe Final de Propuesta<\/h2>\t\t<\/div>\n\t\t\t\t<\/div>\n\t\t\t\t\t\t<\/div>\n\t\t\t\t\t<\/div>\n\t\t<\/div>\n\t\t\t\t\t\t\t\t<\/div>\n\t\t\t\t\t<\/div>\n\t\t<\/section>\n\t\t\t\t<section class=\"elementor-section elementor-top-section elementor-element elementor-element-4f026d0 elementor-section-boxed elementor-section-height-default elementor-section-height-default\" data-id=\"4f026d0\" data-element_type=\"section\">\n\t\t\t\t\t\t<div class=\"elementor-container elementor-column-gap-default\">\n\t\t\t\t\t\t\t<div class=\"elementor-row\">\n\t\t\t\t\t<div class=\"elementor-column elementor-col-33 elementor-top-column elementor-element elementor-element-5210885\" data-id=\"5210885\" data-element_type=\"column\">\n\t\t\t<div class=\"elementor-column-wrap\">\n\t\t\t\t\t\t\t<div class=\"elementor-widget-wrap\">\n\t\t\t\t\t\t\t\t<\/div>\n\t\t\t\t\t<\/div>\n\t\t<\/div>\n\t\t\t\t<div class=\"elementor-column elementor-col-33 elementor-top-column elementor-element elementor-element-9cf31f9\" data-id=\"9cf31f9\" data-element_type=\"column\">\n\t\t\t<div class=\"elementor-column-wrap elementor-element-populated\">\n\t\t\t\t\t\t\t<div class=\"elementor-widget-wrap\">\n\t\t\t\t\t\t<div class=\"elementor-element elementor-element-d986198 elementor-widget elementor-widget-wp-widget-wpforms-widget\" data-id=\"d986198\" data-element_type=\"widget\" data-widget_type=\"wp-widget-wpforms-widget.default\">\n\t\t\t\t<div class=\"elementor-widget-container\">\n\t\t\t<div class=\"wpforms-container wpforms-container-full\" id=\"wpforms-4149\"><form id=\"wpforms-form-4149\" class=\"wpforms-validate wpforms-form\" data-formid=\"4149\" method=\"post\" enctype=\"multipart\/form-data\" action=\"\/citec\/index.php?rest_route=%2Fwp%2Fv2%2Fpages%2F4156\"><div class=\"wpforms-field-container\"><div id=\"wpforms-4149-field_15-container\" class=\"wpforms-field wpforms-field-text\" data-field-id=\"15\"><label class=\"wpforms-field-label\" for=\"wpforms-4149-field_15\">FECHA <span class=\"wpforms-required-label\">*<\/span><\/label><input type=\"text\" id=\"wpforms-4149-field_15\" class=\"wpforms-field-small wpforms-field-required\" name=\"wpforms[fields][15]\" required><\/div><div id=\"wpforms-4149-field_4-container\" class=\"wpforms-field wpforms-field-text\" data-field-id=\"4\"><label class=\"wpforms-field-label\" for=\"wpforms-4149-field_4\">ASIGNATURA <span class=\"wpforms-required-label\">*<\/span><\/label><input type=\"text\" id=\"wpforms-4149-field_4\" class=\"wpforms-field-medium wpforms-field-required\" name=\"wpforms[fields][4]\" required><\/div><div id=\"wpforms-4149-field_7-container\" class=\"wpforms-field wpforms-field-textarea\" data-field-id=\"7\"><label class=\"wpforms-field-label\" for=\"wpforms-4149-field_7\">PROYECTO <span class=\"wpforms-required-label\">*<\/span><\/label><textarea id=\"wpforms-4149-field_7\" class=\"wpforms-field-medium wpforms-field-required\" name=\"wpforms[fields][7]\" required><\/textarea><\/div><div id=\"wpforms-4149-field_16-container\" class=\"wpforms-field wpforms-field-select\" data-field-id=\"16\"><label class=\"wpforms-field-label\" for=\"wpforms-4149-field_16\">Programa seleccionado<\/label><select name=\"wpforms[fields][16]\" id=\"wpforms-4149-field_16\" class=\"wpforms-field-medium\" ><option value=\"Espacios Curriculares Internacionales\" >Espacios Curriculares Internacionales<\/option><option value=\"Entornos Virtuales\" >Entornos Virtuales<\/option><option value=\"Tecnolog\u00edas Emergentes (RV-RA)\" >Tecnolog\u00edas Emergentes (RV-RA)<\/option><option value=\"Recursos Educativos Digitales\" >Recursos Educativos Digitales<\/option><\/select><\/div><div id=\"wpforms-4149-field_8-container\" class=\"wpforms-field wpforms-field-textarea\" data-field-id=\"8\"><label class=\"wpforms-field-label\" for=\"wpforms-4149-field_8\">Contenido disciplinar seleccionado <span class=\"wpforms-required-label\">*<\/span><\/label><textarea id=\"wpforms-4149-field_8\" class=\"wpforms-field-medium wpforms-field-required\" name=\"wpforms[fields][8]\" required><\/textarea><\/div><div id=\"wpforms-4149-field_9-container\" class=\"wpforms-field wpforms-field-text\" data-field-id=\"9\"><label class=\"wpforms-field-label\" for=\"wpforms-4149-field_9\">Per\u00edodo de desarrollo de la Propuesta <span class=\"wpforms-required-label\">*<\/span><\/label><input type=\"text\" id=\"wpforms-4149-field_9\" class=\"wpforms-field-large wpforms-field-required\" name=\"wpforms[fields][9]\" required><div class=\"wpforms-field-description\">Inicio\/fin (dd-mm-aa)\r\n<\/div><\/div><div id=\"wpforms-4149-field_11-container\" class=\"wpforms-field wpforms-field-textarea\" data-field-id=\"11\"><label class=\"wpforms-field-label\" for=\"wpforms-4149-field_11\">Equipo que llev\u00f3 adelante el proyecto <span class=\"wpforms-required-label\">*<\/span><\/label><textarea id=\"wpforms-4149-field_11\" class=\"wpforms-field-medium wpforms-field-required\" name=\"wpforms[fields][11]\" required><\/textarea><div class=\"wpforms-field-description\"> (Nombre Apellido y DNI)<\/div><\/div><div id=\"wpforms-4149-field_12-container\" class=\"wpforms-field wpforms-field-number\" data-field-id=\"12\"><label class=\"wpforms-field-label\" for=\"wpforms-4149-field_12\">Cantidad de alumnos participantes <span class=\"wpforms-required-label\">*<\/span><\/label><input type=\"number\" pattern=\"[0-9]*\" id=\"wpforms-4149-field_12\" class=\"wpforms-field-medium wpforms-field-required\" name=\"wpforms[fields][12]\" required><\/div><div id=\"wpforms-4149-field_13-container\" class=\"wpforms-field wpforms-field-textarea\" data-field-id=\"13\"><label class=\"wpforms-field-label\" for=\"wpforms-4149-field_13\">RECURSOS <span class=\"wpforms-required-label\">*<\/span><\/label><textarea id=\"wpforms-4149-field_13\" class=\"wpforms-field-medium wpforms-field-required\" name=\"wpforms[fields][13]\" required><\/textarea><div class=\"wpforms-field-description\">Listar los diferentes recursos creados e implementados para desarrollar la pr\u00e1ctica (Videos, imagen interactiva, infograf\u00eda, mapa mental, etc.)<\/div><\/div><div id=\"wpforms-4149-field_10-container\" class=\"wpforms-field wpforms-field-textarea\" data-field-id=\"10\"><label class=\"wpforms-field-label\" for=\"wpforms-4149-field_10\">Espacios o plataformas donde se desarrollaron las actividades  <span class=\"wpforms-required-label\">*<\/span><\/label><textarea id=\"wpforms-4149-field_10\" class=\"wpforms-field-medium wpforms-field-required\" name=\"wpforms[fields][10]\" required><\/textarea><div class=\"wpforms-field-description\">Entorno Virtual, aula f\u00edsica, aula virtual, visita al medio, etc.<\/div><\/div><div id=\"wpforms-4149-field_14-container\" class=\"wpforms-field wpforms-field-textarea\" data-field-id=\"14\"><label class=\"wpforms-field-label\" for=\"wpforms-4149-field_14\">Instrumento\/s de evaluaci\u00f3n utilizado <span class=\"wpforms-required-label\">*<\/span><\/label><textarea id=\"wpforms-4149-field_14\" class=\"wpforms-field-medium wpforms-field-required\" name=\"wpforms[fields][14]\" required><\/textarea><div class=\"wpforms-field-description\">1- Evaluaci\u00f3n de Contenidos\r\n2- Evaluaci\u00f3n del recurso\/s \r\n (liste las acciones realizadas en ambas) <\/div><\/div><div id=\"wpforms-4149-field_17-container\" class=\"wpforms-field wpforms-field-textarea\" data-field-id=\"17\"><label class=\"wpforms-field-label\" for=\"wpforms-4149-field_17\">PLAN DE ACCI\u00d3N <span class=\"wpforms-required-label\">*<\/span><\/label><textarea id=\"wpforms-4149-field_17\" class=\"wpforms-field-medium wpforms-field-required\" name=\"wpforms[fields][17]\" required><\/textarea><div class=\"wpforms-field-description\">Breve comentario del plan de acci\u00f3n implementado en la ejecuci\u00f3n de la pr\u00e1ctica (Metodolog\u00eda, secuencia did\u00e1ctica, etc.)<\/div><\/div><div id=\"wpforms-4149-field_18-container\" class=\"wpforms-field wpforms-field-textarea\" data-field-id=\"18\"><label class=\"wpforms-field-label\" for=\"wpforms-4149-field_18\">Inconvenientes<\/label><textarea id=\"wpforms-4149-field_18\" class=\"wpforms-field-medium\" name=\"wpforms[fields][18]\" ><\/textarea><div class=\"wpforms-field-description\">\u00bfEncontraron dificultades?  \u00bfPudieron solucionarlas? Podr\u00eda describir al menos unos de las dificultades encontradas y la soluci\u00f3n implementada.<\/div><\/div><div id=\"wpforms-4149-field_19-container\" class=\"wpforms-field wpforms-field-textarea\" data-field-id=\"19\"><label class=\"wpforms-field-label\" for=\"wpforms-4149-field_19\">Valores generados<\/label><textarea id=\"wpforms-4149-field_19\" class=\"wpforms-field-medium\" name=\"wpforms[fields][19]\" ><\/textarea><div class=\"wpforms-field-description\">Qu\u00e9 valores supone gener\u00f3 el proyecto?<\/div><\/div><div id=\"wpforms-4149-field_20-container\" class=\"wpforms-field wpforms-field-radio\" data-field-id=\"20\"><label class=\"wpforms-field-label\" for=\"wpforms-4149-field_20\">14.\t\u00bfSe alcanzaron los objetivos planteados?   <span class=\"wpforms-required-label\">*<\/span><\/label><ul id=\"wpforms-4149-field_20\" class=\"wpforms-field-required\"><li class=\"choice-1 depth-1\"><input type=\"radio\" id=\"wpforms-4149-field_20_1\" name=\"wpforms[fields][20]\" value=\"Totalmente\" required ><label class=\"wpforms-field-label-inline\" for=\"wpforms-4149-field_20_1\">Totalmente<\/label><\/li><li class=\"choice-2 depth-1\"><input type=\"radio\" id=\"wpforms-4149-field_20_2\" name=\"wpforms[fields][20]\" value=\"Medianamente\" required ><label class=\"wpforms-field-label-inline\" for=\"wpforms-4149-field_20_2\">Medianamente<\/label><\/li><li class=\"choice-3 depth-1\"><input type=\"radio\" id=\"wpforms-4149-field_20_3\" name=\"wpforms[fields][20]\" value=\"Nada\" required ><label class=\"wpforms-field-label-inline\" for=\"wpforms-4149-field_20_3\">Nada<\/label><\/li><\/ul><\/div><div id=\"wpforms-4149-field_21-container\" class=\"wpforms-field wpforms-field-textarea\" data-field-id=\"21\"><label class=\"wpforms-field-label\" for=\"wpforms-4149-field_21\">Beneficios e impacto de su implementaci\u00f3n. <\/label><textarea id=\"wpforms-4149-field_21\" class=\"wpforms-field-medium\" name=\"wpforms[fields][21]\" ><\/textarea><\/div><div id=\"wpforms-4149-field_22-container\" class=\"wpforms-field wpforms-field-textarea\" data-field-id=\"22\"><label class=\"wpforms-field-label\" for=\"wpforms-4149-field_22\">\u00bfCu\u00e1les son a su criterio los aspectos m\u00e1s significativos de este proyecto?<\/label><textarea id=\"wpforms-4149-field_22\" class=\"wpforms-field-medium\" name=\"wpforms[fields][22]\" ><\/textarea><\/div><div id=\"wpforms-4149-field_27-container\" class=\"wpforms-field wpforms-field-radio\" data-field-id=\"27\"><label class=\"wpforms-field-label\" for=\"wpforms-4149-field_27\">\u00bfConsideran realizar difusi\u00f3n de la pr\u00e1ctica realizada a la brevedad? <\/label><ul id=\"wpforms-4149-field_27\"><li class=\"choice-1 depth-1\"><input type=\"radio\" id=\"wpforms-4149-field_27_1\" name=\"wpforms[fields][27]\" value=\"Si\"  ><label class=\"wpforms-field-label-inline\" for=\"wpforms-4149-field_27_1\">Si<\/label><\/li><li class=\"choice-2 depth-1\"><input type=\"radio\" id=\"wpforms-4149-field_27_2\" name=\"wpforms[fields][27]\" value=\"No\"  ><label class=\"wpforms-field-label-inline\" for=\"wpforms-4149-field_27_2\">No<\/label><\/li><\/ul><\/div><div id=\"wpforms-4149-field_23-container\" class=\"wpforms-field wpforms-field-textarea\" data-field-id=\"23\"><label class=\"wpforms-field-label\" for=\"wpforms-4149-field_23\">En caso de responder afirmativamente a la pregunta anterior \u00bfpodr\u00eda citar el evento?  <span class=\"wpforms-required-label\">*<\/span><\/label><textarea id=\"wpforms-4149-field_23\" class=\"wpforms-field-medium wpforms-field-required\" name=\"wpforms[fields][23]\" required><\/textarea><div class=\"wpforms-field-description\">Mencionar el marco (Jornada, Congreso, taller, etc.) y fecha del mismo.<\/div><\/div><div id=\"wpforms-4149-field_24-container\" class=\"wpforms-field wpforms-field-textarea\" data-field-id=\"24\"><label class=\"wpforms-field-label\" for=\"wpforms-4149-field_24\">Sugerencias<\/label><textarea id=\"wpforms-4149-field_24\" class=\"wpforms-field-medium\" name=\"wpforms[fields][24]\" ><\/textarea><\/div><div id=\"wpforms-4149-field_25-container\" class=\"wpforms-field wpforms-field-textarea\" data-field-id=\"25\"><label class=\"wpforms-field-label\" for=\"wpforms-4149-field_25\">Conclusi\u00f3n Final <span class=\"wpforms-required-label\">*<\/span><\/label><textarea id=\"wpforms-4149-field_25\" class=\"wpforms-field-medium wpforms-field-required\" name=\"wpforms[fields][25]\" required><\/textarea><\/div><div id=\"wpforms-4149-field_26-container\" class=\"wpforms-field wpforms-field-textarea\" data-field-id=\"26\"><label class=\"wpforms-field-label\" for=\"wpforms-4149-field_26\">Anexar <span class=\"wpforms-required-label\">*<\/span><\/label><textarea id=\"wpforms-4149-field_26\" class=\"wpforms-field-medium wpforms-field-required\" name=\"wpforms[fields][26]\" required><\/textarea><div class=\"wpforms-field-description\">Enviar todo material anexo a la siguiente direcci\u00f3n: citec@fcv.unl.edu.ar.\r\n\r\nMaterial a anexar:\r\n- Informe de alg\u00fan docente\r\n- Informe de alumnos (al menos de tres respondiendo a los siguientes interrogantes: -\tComo evaluar\u00edas la implementaci\u00f3n del nuevo recurso\/pr\u00e1ctica educativa.\r\n-\tConsideras que potenci\u00f3 tu aprendizaje. \u00bfQu\u00e9 consideras que aprendiste?\r\n-\tEnuncie dos fortalezas y dos debilidades de la experiencia.\r\n-\t\u00bfC\u00f3mo te sentiste con esta experiencia?)\r\n\r\n- Tablas de an\u00e1lisis de resultados \r\n- Materiales audiovisuales (link a los mismos)\r\n- Materiales gr\u00e1ficos, capturas de pantalla del Entorno Virtual (en caso de haber implementado en ese espacio).<\/div><\/div><\/div><div class=\"wpforms-field wpforms-field-hp\"><label for=\"wpforms-4149-field-hp\" class=\"wpforms-field-label\">Message<\/label><input type=\"text\" name=\"wpforms[hp]\" id=\"wpforms-4149-field-hp\" class=\"wpforms-field-medium\"><\/div><div class=\"wpforms-submit-container\" ><input type=\"hidden\" name=\"wpforms[id]\" value=\"4149\"><input type=\"hidden\" name=\"wpforms[author]\" value=\"5\"><button type=\"submit\" name=\"wpforms[submit]\" class=\"wpforms-submit \" id=\"wpforms-submit-4149\" value=\"wpforms-submit\" data-alt-text=\"enviando...\">Enviar<\/button><\/div><\/form><\/div>\t\t<\/div>\n\t\t\t\t<\/div>\n\t\t\t\t\t\t<\/div>\n\t\t\t\t\t<\/div>\n\t\t<\/div>\n\t\t\t\t<div class=\"elementor-column elementor-col-33 elementor-top-column elementor-element elementor-element-550e993\" data-id=\"550e993\" data-element_type=\"column\">\n\t\t\t<div class=\"elementor-column-wrap\">\n\t\t\t\t\t\t\t<div class=\"elementor-widget-wrap\">\n\t\t\t\t\t\t\t\t<\/div>\n\t\t\t\t\t<\/div>\n\t\t<\/div>\n\t\t\t\t\t\t\t\t<\/div>\n\t\t\t\t\t<\/div>\n\t\t<\/section>\n\t\t\t\t\t\t\t\t\t<\/div>\n\t\t\t<\/div>\n\t\t\t\t\t<\/div>\n\t\t","protected":false},"excerpt":{"rendered":"<p>Formulario Informe Final de Propuesta<\/p>\n","protected":false},"author":5,"featured_media":0,"parent":0,"menu_order":0,"comment_status":"closed","ping_status":"closed","template":"elementor_header_footer","meta":[],"_links":{"self":[{"href":"https:\/\/fcv.unl.edu.ar\/citec\/index.php?rest_route=\/wp\/v2\/pages\/4156"}],"collection":[{"href":"https:\/\/fcv.unl.edu.ar\/citec\/index.php?rest_route=\/wp\/v2\/pages"}],"about":[{"href":"https:\/\/fcv.unl.edu.ar\/citec\/index.php?rest_route=\/wp\/v2\/types\/page"}],"author":[{"embeddable":true,"href":"https:\/\/fcv.unl.edu.ar\/citec\/index.php?rest_route=\/wp\/v2\/users\/5"}],"replies":[{"embeddable":true,"href":"https:\/\/fcv.unl.edu.ar\/citec\/index.php?rest_route=%2Fwp%2Fv2%2Fcomments&post=4156"}],"version-history":[{"count":2,"href":"https:\/\/fcv.unl.edu.ar\/citec\/index.php?rest_route=\/wp\/v2\/pages\/4156\/revisions"}],"predecessor-version":[{"id":4159,"href":"https:\/\/fcv.unl.edu.ar\/citec\/index.php?rest_route=\/wp\/v2\/pages\/4156\/revisions\/4159"}],"wp:attachment":[{"href":"https:\/\/fcv.unl.edu.ar\/citec\/index.php?rest_route=%2Fwp%2Fv2%2Fmedia&parent=4156"}],"curies":[{"name":"wp","href":"https:\/\/api.w.org\/{rel}","templated":true}]}}