{"id":369,"date":"2019-03-21T18:12:01","date_gmt":"2019-03-21T17:12:01","guid":{"rendered":"https:\/\/fcv.unl.edu.ar\/citec\/?page_id=369"},"modified":"2026-04-20T19:37:39","modified_gmt":"2026-04-20T22:37:39","slug":"nosotros","status":"publish","type":"page","link":"https:\/\/fcv.unl.edu.ar\/citec\/?page_id=369","title":{"rendered":"Nosotros"},"content":{"rendered":"\t\t<div data-elementor-type=\"wp-post\" data-elementor-id=\"369\" class=\"elementor elementor-369\">\n\t\t\t\t\t\t<div class=\"elementor-inner\">\n\t\t\t\t<div class=\"elementor-section-wrap\">\n\t\t\t\t\t\t\t\t\t<section class=\"elementor-section elementor-top-section elementor-element elementor-element-a8ecf96 elementor-section-full_width elementor-section-stretched elementor-reverse-tablet elementor-reverse-mobile elementor-section-height-default elementor-section-height-default\" data-id=\"a8ecf96\" data-element_type=\"section\" data-settings=\"{&quot;stretch_section&quot;:&quot;section-stretched&quot;}\">\n\t\t\t\t\t\t<div class=\"elementor-container elementor-column-gap-default\">\n\t\t\t\t\t\t\t<div class=\"elementor-row\">\n\t\t\t\t\t<div class=\"elementor-column elementor-col-100 elementor-top-column elementor-element elementor-element-f444ee0\" data-id=\"f444ee0\" data-element_type=\"column\">\n\t\t\t<div class=\"elementor-column-wrap elementor-element-populated\">\n\t\t\t\t\t\t\t<div class=\"elementor-widget-wrap\">\n\t\t\t\t\t\t<div class=\"elementor-element elementor-element-8a0eb6f elementor-widget elementor-widget-html\" data-id=\"8a0eb6f\" data-element_type=\"widget\" data-widget_type=\"html.default\">\n\t\t\t\t<div class=\"elementor-widget-container\">\n\t\t\t<div style=\"position: relative; width: 100%; height: 0; padding-top: 56.2500%;\r\n padding-bottom: 0; box-shadow: 0 2px 8px 0 rgba(63,69,81,0.16); margin-top: 1.6em; margin-bottom: 0.9em; overflow: hidden;\r\n border-radius: 8px; will-change: transform;\">\r\n  <iframe loading=\"lazy\" style=\"position: absolute; width: 100%; height: 100%; top: 0; left: 0; border: none; padding: 0;margin: 0;\"\r\n    src=\"https:\/\/www.canva.com\/design\/DAG5I_zryL0\/2-8kKQ50LBviNH_5T8a9gA\/watch?embed\" allowfullscreen=\"allowfullscreen\" allow=\"fullscreen\">\r\n  <\/iframe>\r\n<\/div>\r\n<a href=\"https:&#x2F;&#x2F;www.canva.com&#x2F;design&#x2F;DAG5I_zryL0&#x2F;2-8kKQ50LBviNH_5T8a9gA&#x2F;watch?utm_content=DAG5I_zryL0&amp;utm_campaign=designshare&amp;utm_medium=embeds&amp;utm_source=link\" target=\"_blank\" rel=\"noopener\"\t\t<\/div>\n\t\t\t\t<\/div>\n\t\t\t\t\t\t<\/div>\n\t\t\t\t\t<\/div>\n\t\t<\/div>\n\t\t\t\t\t\t\t\t<\/div>\n\t\t\t\t\t<\/div>\n\t\t<\/section>\n\t\t\t\t<section class=\"elementor-section elementor-top-section elementor-element elementor-element-9177e53 elementor-section-content-middle elementor-reverse-tablet elementor-reverse-mobile elementor-section-boxed elementor-section-height-default elementor-section-height-default\" data-id=\"9177e53\" data-element_type=\"section\">\n\t\t\t\t\t\t<div class=\"elementor-container elementor-column-gap-no\">\n\t\t\t\t\t\t\t<div class=\"elementor-row\">\n\t\t\t\t\t<div class=\"elementor-column elementor-col-100 elementor-top-column elementor-element elementor-element-130a29c\" data-id=\"130a29c\" data-element_type=\"column\">\n\t\t\t<div class=\"elementor-column-wrap elementor-element-populated\">\n\t\t\t\t\t\t\t<div class=\"elementor-widget-wrap\">\n\t\t\t\t\t\t<div class=\"elementor-element elementor-element-9e3069c elementor-widget elementor-widget-heading\" data-id=\"9e3069c\" data-element_type=\"widget\" data-widget_type=\"heading.default\">\n\t\t\t\t<div class=\"elementor-widget-container\">\n\t\t\t<h2 class=\"elementor-heading-title elementor-size-large\"><b>El Centro de Innovaci\u00f3n Tecnol\u00f3gica (CITec)<\/b><\/h2>\t\t<\/div>\n\t\t\t\t<\/div>\n\t\t\t\t<section class=\"elementor-section elementor-inner-section elementor-element elementor-element-39bb782 elementor-section-full_width elementor-section-height-default elementor-section-height-default\" data-id=\"39bb782\" data-element_type=\"section\">\n\t\t\t\t\t\t<div class=\"elementor-container elementor-column-gap-default\">\n\t\t\t\t\t\t\t<div class=\"elementor-row\">\n\t\t\t\t\t<div class=\"elementor-column elementor-col-50 elementor-inner-column elementor-element elementor-element-b7b8e08\" data-id=\"b7b8e08\" data-element_type=\"column\">\n\t\t\t<div class=\"elementor-column-wrap elementor-element-populated\">\n\t\t\t\t\t\t\t<div class=\"elementor-widget-wrap\">\n\t\t\t\t\t\t<div class=\"elementor-element elementor-element-74cd948 elementor-widget elementor-widget-text-editor\" data-id=\"74cd948\" data-element_type=\"widget\" data-widget_type=\"text-editor.default\">\n\t\t\t\t<div class=\"elementor-widget-container\">\n\t\t\t\t\t\t\t\t<div class=\"elementor-text-editor elementor-clearfix\">\n\t\t\t\t<div class=\"card-body\"><h5 class=\"card-title\">A\u00f1o 2018<\/h5><p class=\"card-text\">Nace como iniciativa de la Direcci\u00f3n de Servicios Telem\u00e1ticos de la Facultad de Ciencias Veterinarias de la Universidad Nacional del Litoral, con el prop\u00f3sito de promover, proponer, dise\u00f1ar, desarrollar materiales did\u00e1cticos mediados por tecnolog\u00eda, destinados a innovar y fortalecer las pr\u00e1cticas educativas. Fue creado por Resol. C.D. N\u00ba139\/18 en respuesta a una visi\u00f3n de demanda de la comunidad educativa de la FCV-UNL.<\/p><\/div>\t\t\t\t\t<\/div>\n\t\t\t\t\t\t<\/div>\n\t\t\t\t<\/div>\n\t\t\t\t\t\t<\/div>\n\t\t\t\t\t<\/div>\n\t\t<\/div>\n\t\t\t\t<div class=\"elementor-column elementor-col-50 elementor-inner-column elementor-element elementor-element-cfa76d0\" data-id=\"cfa76d0\" data-element_type=\"column\">\n\t\t\t<div class=\"elementor-column-wrap elementor-element-populated\">\n\t\t\t\t\t\t\t<div class=\"elementor-widget-wrap\">\n\t\t\t\t\t\t<div class=\"elementor-element elementor-element-f75971c elementor-widget elementor-widget-image\" data-id=\"f75971c\" data-element_type=\"widget\" data-widget_type=\"image.default\">\n\t\t\t\t<div class=\"elementor-widget-container\">\n\t\t\t\t\t\t\t\t<div class=\"elementor-image\">\n\t\t\t\t\t\t\t\t\t\t\t\t<img width=\"150\" height=\"150\" src=\"https:\/\/fcv.unl.edu.ar\/citec\/wp-content\/uploads\/2024\/10\/Descargas_Mesa-de-trabajo-1-150x150.png\" class=\"attachment-thumbnail size-thumbnail\" alt=\"\" loading=\"lazy\" srcset=\"https:\/\/fcv.unl.edu.ar\/citec\/wp-content\/uploads\/2024\/10\/Descargas_Mesa-de-trabajo-1-150x150.png 150w, https:\/\/fcv.unl.edu.ar\/citec\/wp-content\/uploads\/2024\/10\/Descargas_Mesa-de-trabajo-1-300x300.png 300w, https:\/\/fcv.unl.edu.ar\/citec\/wp-content\/uploads\/2024\/10\/Descargas_Mesa-de-trabajo-1-1024x1024.png 1024w, https:\/\/fcv.unl.edu.ar\/citec\/wp-content\/uploads\/2024\/10\/Descargas_Mesa-de-trabajo-1-768x768.png 768w, https:\/\/fcv.unl.edu.ar\/citec\/wp-content\/uploads\/2024\/10\/Descargas_Mesa-de-trabajo-1.png 1080w\" sizes=\"(max-width: 150px) 100vw, 150px\" \/>\t\t\t\t\t\t\t\t\t\t\t\t\t\t<\/div>\n\t\t\t\t\t\t<\/div>\n\t\t\t\t<\/div>\n\t\t\t\t\t\t<\/div>\n\t\t\t\t\t<\/div>\n\t\t<\/div>\n\t\t\t\t\t\t\t\t<\/div>\n\t\t\t\t\t<\/div>\n\t\t<\/section>\n\t\t\t\t\t\t<\/div>\n\t\t\t\t\t<\/div>\n\t\t<\/div>\n\t\t\t\t\t\t\t\t<\/div>\n\t\t\t\t\t<\/div>\n\t\t<\/section>\n\t\t\t\t<section class=\"elementor-section elementor-top-section elementor-element elementor-element-d19bc43 elementor-reverse-tablet elementor-reverse-mobile elementor-section-boxed elementor-section-height-default elementor-section-height-default\" data-id=\"d19bc43\" data-element_type=\"section\">\n\t\t\t\t\t\t<div class=\"elementor-container elementor-column-gap-default\">\n\t\t\t\t\t\t\t<div class=\"elementor-row\">\n\t\t\t\t\t<div class=\"elementor-column elementor-col-50 elementor-top-column elementor-element elementor-element-970ad6c\" data-id=\"970ad6c\" data-element_type=\"column\">\n\t\t\t<div class=\"elementor-column-wrap elementor-element-populated\">\n\t\t\t\t\t\t\t<div class=\"elementor-widget-wrap\">\n\t\t\t\t\t\t<div class=\"elementor-element elementor-element-ccb274c elementor-widget elementor-widget-heading\" data-id=\"ccb274c\" data-element_type=\"widget\" data-widget_type=\"heading.default\">\n\t\t\t\t<div class=\"elementor-widget-container\">\n\t\t\t<h2 class=\"elementor-heading-title elementor-size-default\">MISI\u00d3N<\/h2>\t\t<\/div>\n\t\t\t\t<\/div>\n\t\t\t\t<div class=\"elementor-element elementor-element-d05c042 elementor-widget elementor-widget-text-editor\" data-id=\"d05c042\" data-element_type=\"widget\" data-widget_type=\"text-editor.default\">\n\t\t\t\t<div class=\"elementor-widget-container\">\n\t\t\t\t\t\t\t\t<div class=\"elementor-text-editor elementor-clearfix\">\n\t\t\t\t<p>Ofrecer soluciones tecnol\u00f3gicas personalizadas para instituciones o empresas con la finalidad de fortalecer sus servicios, productos, procesos o experiencias de aprendizaje, a trav\u00e9s de la innovaci\u00f3n tecnol\u00f3gica efectiva y la atenci\u00f3n personalizada.<\/p>\t\t\t\t\t<\/div>\n\t\t\t\t\t\t<\/div>\n\t\t\t\t<\/div>\n\t\t\t\t\t\t<\/div>\n\t\t\t\t\t<\/div>\n\t\t<\/div>\n\t\t\t\t<div class=\"elementor-column elementor-col-50 elementor-top-column elementor-element elementor-element-cdb5f44\" data-id=\"cdb5f44\" data-element_type=\"column\">\n\t\t\t<div class=\"elementor-column-wrap elementor-element-populated\">\n\t\t\t\t\t\t\t<div class=\"elementor-widget-wrap\">\n\t\t\t\t\t\t<div class=\"elementor-element elementor-element-6bde32e elementor-widget elementor-widget-heading\" data-id=\"6bde32e\" data-element_type=\"widget\" data-widget_type=\"heading.default\">\n\t\t\t\t<div class=\"elementor-widget-container\">\n\t\t\t<h2 class=\"elementor-heading-title elementor-size-default\">VISI\u00d3N<\/h2>\t\t<\/div>\n\t\t\t\t<\/div>\n\t\t\t\t<div class=\"elementor-element elementor-element-45b24db elementor-widget elementor-widget-text-editor\" data-id=\"45b24db\" data-element_type=\"widget\" data-widget_type=\"text-editor.default\">\n\t\t\t\t<div class=\"elementor-widget-container\">\n\t\t\t\t\t\t\t\t<div class=\"elementor-text-editor elementor-clearfix\">\n\t\t\t\t<p>Ser referentes en el desarrollo de soluciones tecnol\u00f3gicas personalizadas para empresas e instituciones educativas. Nuestra pasi\u00f3n por la innovaci\u00f3n, la calidad excepcional y la atenci\u00f3n al usuario nos impulsa a crear soluciones \u00fanicas que potencien los servicios, productos, procesos y\/o experiencias de aprendizajes. Nos esforzamos por ser la opci\u00f3n preferida de las empresas e instituciones que buscan soluciones tecnol\u00f3gicas personalizadas y efectivas para mejorar su desempe\u00f1o y alcanzar sus objetivos.<\/p>\t\t\t\t\t<\/div>\n\t\t\t\t\t\t<\/div>\n\t\t\t\t<\/div>\n\t\t\t\t\t\t<\/div>\n\t\t\t\t\t<\/div>\n\t\t<\/div>\n\t\t\t\t\t\t\t\t<\/div>\n\t\t\t\t\t<\/div>\n\t\t<\/section>\n\t\t\t\t<section class=\"elementor-section elementor-top-section elementor-element elementor-element-204b085 elementor-section-boxed elementor-section-height-default elementor-section-height-default\" data-id=\"204b085\" data-element_type=\"section\">\n\t\t\t\t\t\t<div class=\"elementor-container elementor-column-gap-default\">\n\t\t\t\t\t\t\t<div class=\"elementor-row\">\n\t\t\t\t\t<div class=\"elementor-column elementor-col-100 elementor-top-column elementor-element elementor-element-ec55168\" data-id=\"ec55168\" data-element_type=\"column\">\n\t\t\t<div class=\"elementor-column-wrap elementor-element-populated\">\n\t\t\t\t\t\t\t<div class=\"elementor-widget-wrap\">\n\t\t\t\t\t\t<div class=\"elementor-element elementor-element-f54de87 elementor-widget elementor-widget-heading\" data-id=\"f54de87\" data-element_type=\"widget\" data-widget_type=\"heading.default\">\n\t\t\t\t<div class=\"elementor-widget-container\">\n\t\t\t<h2 class=\"elementor-heading-title elementor-size-large\">EQUIPO<\/h2>\t\t<\/div>\n\t\t\t\t<\/div>\n\t\t\t\t\t\t<\/div>\n\t\t\t\t\t<\/div>\n\t\t<\/div>\n\t\t\t\t\t\t\t\t<\/div>\n\t\t\t\t\t<\/div>\n\t\t<\/section>\n\t\t\t\t<section class=\"elementor-section elementor-top-section elementor-element elementor-element-2803942 elementor-section-boxed elementor-section-height-default elementor-section-height-default\" data-id=\"2803942\" data-element_type=\"section\">\n\t\t\t\t\t\t<div class=\"elementor-container elementor-column-gap-default\">\n\t\t\t\t\t\t\t<div class=\"elementor-row\">\n\t\t\t\t\t<div class=\"elementor-column elementor-col-25 elementor-top-column elementor-element elementor-element-f8ae446\" data-id=\"f8ae446\" data-element_type=\"column\">\n\t\t\t<div class=\"elementor-column-wrap elementor-element-populated\">\n\t\t\t\t\t\t\t<div class=\"elementor-widget-wrap\">\n\t\t\t\t\t\t<div class=\"elementor-element elementor-element-9895994 elementor-widget elementor-widget-text-editor\" data-id=\"9895994\" data-element_type=\"widget\" data-widget_type=\"text-editor.default\">\n\t\t\t\t<div class=\"elementor-widget-container\">\n\t\t\t\t\t\t\t\t<div class=\"elementor-text-editor elementor-clearfix\">\n\t\t\t\t<h2><a href=\"https:\/\/drive.google.com\/file\/d\/1XnIpNS6vXqjQfpZocgUh64mQwbmL3tcO\/view?usp=sharing\" target=\"_blank\" rel=\"noopener\"><strong>Carina Gramaglia<\/strong><\/a><\/h2>\t\t\t\t\t<\/div>\n\t\t\t\t\t\t<\/div>\n\t\t\t\t<\/div>\n\t\t\t\t<div class=\"elementor-element elementor-element-e04231a elementor-widget elementor-widget-text-editor\" data-id=\"e04231a\" data-element_type=\"widget\" data-widget_type=\"text-editor.default\">\n\t\t\t\t<div class=\"elementor-widget-container\">\n\t\t\t\t\t\t\t\t<div class=\"elementor-text-editor elementor-clearfix\">\n\t\t\t\t<p>Analista de Sistemas (FRSF-UTN). Diploma Superior en Ciencias Sociales con menci\u00f3n en Educaci\u00f3n y Nuevas Tecnolog\u00edas (FLACSO). Diploma en Transformaci\u00f3n Digital (UTN). Especialista en Educaci\u00f3n y Nuevas Tecnolog\u00edas (FLACSO). Especialista en Direcci\u00f3n de Proyectos (ADEN). Mag\u00edster en Procesos Educativos mediados por Tecnolog\u00eda (UNC).<\/p>\t\t\t\t\t<\/div>\n\t\t\t\t\t\t<\/div>\n\t\t\t\t<\/div>\n\t\t\t\t\t\t<\/div>\n\t\t\t\t\t<\/div>\n\t\t<\/div>\n\t\t\t\t<div class=\"elementor-column elementor-col-25 elementor-top-column elementor-element elementor-element-5daf638\" data-id=\"5daf638\" data-element_type=\"column\">\n\t\t\t<div class=\"elementor-column-wrap elementor-element-populated\">\n\t\t\t\t\t\t\t<div class=\"elementor-widget-wrap\">\n\t\t\t\t\t\t<div class=\"elementor-element elementor-element-0d7d957 elementor-widget elementor-widget-text-editor\" data-id=\"0d7d957\" data-element_type=\"widget\" data-widget_type=\"text-editor.default\">\n\t\t\t\t<div class=\"elementor-widget-container\">\n\t\t\t\t\t\t\t\t<div class=\"elementor-text-editor elementor-clearfix\">\n\t\t\t\t<h2><strong>Leandro Palmieri<\/strong><\/h2>\t\t\t\t\t<\/div>\n\t\t\t\t\t\t<\/div>\n\t\t\t\t<\/div>\n\t\t\t\t<div class=\"elementor-element elementor-element-c5aa653 elementor-widget elementor-widget-text-editor\" data-id=\"c5aa653\" data-element_type=\"widget\" data-widget_type=\"text-editor.default\">\n\t\t\t\t<div class=\"elementor-widget-container\">\n\t\t\t\t\t\t\t\t<div class=\"elementor-text-editor elementor-clearfix\">\n\t\t\t\t<p>T\u00e9cnico en Inform\u00e1tica Aplicada a la Gr\u00e1fica y Animaci\u00f3n Digital (FICH-UNL). M\u00e1ster en Realidad Virtual (EDITECA).<\/p>\t\t\t\t\t<\/div>\n\t\t\t\t\t\t<\/div>\n\t\t\t\t<\/div>\n\t\t\t\t\t\t<\/div>\n\t\t\t\t\t<\/div>\n\t\t<\/div>\n\t\t\t\t<div class=\"elementor-column elementor-col-25 elementor-top-column elementor-element elementor-element-2d6be91\" data-id=\"2d6be91\" data-element_type=\"column\">\n\t\t\t<div class=\"elementor-column-wrap elementor-element-populated\">\n\t\t\t\t\t\t\t<div class=\"elementor-widget-wrap\">\n\t\t\t\t\t\t<div class=\"elementor-element elementor-element-fa283cd elementor-widget elementor-widget-text-editor\" data-id=\"fa283cd\" data-element_type=\"widget\" data-widget_type=\"text-editor.default\">\n\t\t\t\t<div class=\"elementor-widget-container\">\n\t\t\t\t\t\t\t\t<div class=\"elementor-text-editor elementor-clearfix\">\n\t\t\t\t<h2><strong>Gabriela Aressi<\/strong><\/h2>\t\t\t\t\t<\/div>\n\t\t\t\t\t\t<\/div>\n\t\t\t\t<\/div>\n\t\t\t\t<div class=\"elementor-element elementor-element-b9a38eb elementor-widget elementor-widget-text-editor\" data-id=\"b9a38eb\" data-element_type=\"widget\" data-widget_type=\"text-editor.default\">\n\t\t\t\t<div class=\"elementor-widget-container\">\n\t\t\t\t\t\t\t\t<div class=\"elementor-text-editor elementor-clearfix\">\n\t\t\t\t<p><span style=\"font-size: 11.0pt;\">T\u00e9cnico Analista Programador<\/span><span style=\"font-size: 11.0pt;\"> (ISP n\u00ba8). Facilitador Grupal (UAI). Orientador del Desarrollo Personal (UAI). T\u00e9cnico Superior en Counseling (IEP n\u00ba1).\u00a0<\/span><span style=\"font-family: 'Libre Franklin', sans-serif; font-size: 14px; font-style: normal; font-variant-ligatures: normal; font-variant-caps: normal; font-weight: 400;\">Diploma Superior en Ciencias Sociales con menci\u00f3n en Educaci\u00f3n y Nuevas Tecnolog\u00edas (FLACSO).<\/span><span style=\"font-family: 'Libre Franklin', sans-serif; font-size: 14px; font-style: normal; font-variant-ligatures: normal; font-variant-caps: normal; font-weight: 400;\">\u00a0<\/span><span style=\"font-size: 14px; color: var( --e-global-color-text );\">Especialista en Educaci\u00f3n y Nuevas Tecnolog\u00edas (FLACSO).<\/span><\/p>\t\t\t\t\t<\/div>\n\t\t\t\t\t\t<\/div>\n\t\t\t\t<\/div>\n\t\t\t\t\t\t<\/div>\n\t\t\t\t\t<\/div>\n\t\t<\/div>\n\t\t\t\t<div class=\"elementor-column elementor-col-25 elementor-top-column elementor-element elementor-element-1103aac\" data-id=\"1103aac\" data-element_type=\"column\">\n\t\t\t<div class=\"elementor-column-wrap elementor-element-populated\">\n\t\t\t\t\t\t\t<div class=\"elementor-widget-wrap\">\n\t\t\t\t\t\t<div class=\"elementor-element elementor-element-12a9e3c elementor-widget elementor-widget-text-editor\" data-id=\"12a9e3c\" data-element_type=\"widget\" data-widget_type=\"text-editor.default\">\n\t\t\t\t<div class=\"elementor-widget-container\">\n\t\t\t\t\t\t\t\t<div class=\"elementor-text-editor elementor-clearfix\">\n\t\t\t\t<h2>Eugenio Yennerich<\/h2>\t\t\t\t\t<\/div>\n\t\t\t\t\t\t<\/div>\n\t\t\t\t<\/div>\n\t\t\t\t<div class=\"elementor-element elementor-element-27eb7e9 elementor-widget elementor-widget-text-editor\" data-id=\"27eb7e9\" data-element_type=\"widget\" data-widget_type=\"text-editor.default\">\n\t\t\t\t<div class=\"elementor-widget-container\">\n\t\t\t\t\t\t\t\t<div class=\"elementor-text-editor elementor-clearfix\">\n\t\t\t\t<p>Profesor de Filosof\u00eda. Diplomado en Humanidades (FHUC-UNL).<br \/>Maestrando en Docencia Universitaria (FHUC-UNL).\u00a0<\/p>\t\t\t\t\t<\/div>\n\t\t\t\t\t\t<\/div>\n\t\t\t\t<\/div>\n\t\t\t\t\t\t<\/div>\n\t\t\t\t\t<\/div>\n\t\t<\/div>\n\t\t\t\t\t\t\t\t<\/div>\n\t\t\t\t\t<\/div>\n\t\t<\/section>\n\t\t\t\t<section class=\"elementor-section elementor-top-section elementor-element elementor-element-08e5544 elementor-section-boxed elementor-section-height-default elementor-section-height-default\" data-id=\"08e5544\" data-element_type=\"section\">\n\t\t\t\t\t\t<div class=\"elementor-container elementor-column-gap-default\">\n\t\t\t\t\t\t\t<div class=\"elementor-row\">\n\t\t\t\t\t<div class=\"elementor-column elementor-col-25 elementor-top-column elementor-element elementor-element-893348c\" data-id=\"893348c\" data-element_type=\"column\">\n\t\t\t<div class=\"elementor-column-wrap elementor-element-populated\">\n\t\t\t\t\t\t\t<div class=\"elementor-widget-wrap\">\n\t\t\t\t\t\t<div class=\"elementor-element elementor-element-81c4292 elementor-widget elementor-widget-text-editor\" data-id=\"81c4292\" data-element_type=\"widget\" data-widget_type=\"text-editor.default\">\n\t\t\t\t<div class=\"elementor-widget-container\">\n\t\t\t\t\t\t\t\t<div class=\"elementor-text-editor elementor-clearfix\">\n\t\t\t\t<h2><strong>Silvina Oribe<\/strong><\/h2>\t\t\t\t\t<\/div>\n\t\t\t\t\t\t<\/div>\n\t\t\t\t<\/div>\n\t\t\t\t<div class=\"elementor-element elementor-element-647cbad elementor-widget elementor-widget-text-editor\" data-id=\"647cbad\" data-element_type=\"widget\" data-widget_type=\"text-editor.default\">\n\t\t\t\t<div class=\"elementor-widget-container\">\n\t\t\t\t\t\t\t\t<div class=\"elementor-text-editor elementor-clearfix\">\n\t\t\t\t<p>Analista Programador.<br \/><br \/><\/p>\t\t\t\t\t<\/div>\n\t\t\t\t\t\t<\/div>\n\t\t\t\t<\/div>\n\t\t\t\t\t\t<\/div>\n\t\t\t\t\t<\/div>\n\t\t<\/div>\n\t\t\t\t<div class=\"elementor-column elementor-col-25 elementor-top-column elementor-element elementor-element-a46a647\" data-id=\"a46a647\" data-element_type=\"column\">\n\t\t\t<div class=\"elementor-column-wrap elementor-element-populated\">\n\t\t\t\t\t\t\t<div class=\"elementor-widget-wrap\">\n\t\t\t\t\t\t<div class=\"elementor-element elementor-element-5b3efb2 elementor-widget elementor-widget-text-editor\" data-id=\"5b3efb2\" data-element_type=\"widget\" data-widget_type=\"text-editor.default\">\n\t\t\t\t<div class=\"elementor-widget-container\">\n\t\t\t\t\t\t\t\t<div class=\"elementor-text-editor elementor-clearfix\">\n\t\t\t\t<h2>Ricardo Pais<\/h2>\t\t\t\t\t<\/div>\n\t\t\t\t\t\t<\/div>\n\t\t\t\t<\/div>\n\t\t\t\t<div class=\"elementor-element elementor-element-8725a5e elementor-widget elementor-widget-text-editor\" data-id=\"8725a5e\" data-element_type=\"widget\" data-widget_type=\"text-editor.default\">\n\t\t\t\t<div class=\"elementor-widget-container\">\n\t\t\t\t\t\t\t\t<div class=\"elementor-text-editor elementor-clearfix\">\n\t\t\t\t<p>Tecnico Electromec\u00e1nico<br \/><span style=\"font-size: 14px;\">Cursando Licenciatura en Dise\u00f1o Industrial<\/span><\/p>\t\t\t\t\t<\/div>\n\t\t\t\t\t\t<\/div>\n\t\t\t\t<\/div>\n\t\t\t\t\t\t<\/div>\n\t\t\t\t\t<\/div>\n\t\t<\/div>\n\t\t\t\t<div class=\"elementor-column elementor-col-25 elementor-top-column elementor-element elementor-element-d3de99f\" data-id=\"d3de99f\" data-element_type=\"column\">\n\t\t\t<div class=\"elementor-column-wrap elementor-element-populated\">\n\t\t\t\t\t\t\t<div class=\"elementor-widget-wrap\">\n\t\t\t\t\t\t<div class=\"elementor-element elementor-element-afe790b elementor-widget elementor-widget-text-editor\" data-id=\"afe790b\" data-element_type=\"widget\" data-widget_type=\"text-editor.default\">\n\t\t\t\t<div class=\"elementor-widget-container\">\n\t\t\t\t\t\t\t\t<div class=\"elementor-text-editor elementor-clearfix\">\n\t\t\t\t<h2>Victoria Costello<\/h2>\t\t\t\t\t<\/div>\n\t\t\t\t\t\t<\/div>\n\t\t\t\t<\/div>\n\t\t\t\t<div class=\"elementor-element elementor-element-0128ee4 elementor-widget elementor-widget-text-editor\" data-id=\"0128ee4\" data-element_type=\"widget\" data-widget_type=\"text-editor.default\">\n\t\t\t\t<div class=\"elementor-widget-container\">\n\t\t\t\t\t\t\t\t<div class=\"elementor-text-editor elementor-clearfix\">\n\t\t\t\t<p>Becaria | Estudiante FCV-UNL<\/p>\t\t\t\t\t<\/div>\n\t\t\t\t\t\t<\/div>\n\t\t\t\t<\/div>\n\t\t\t\t\t\t<\/div>\n\t\t\t\t\t<\/div>\n\t\t<\/div>\n\t\t\t\t<div class=\"elementor-column elementor-col-25 elementor-top-column elementor-element elementor-element-ff24af1\" data-id=\"ff24af1\" data-element_type=\"column\">\n\t\t\t<div class=\"elementor-column-wrap elementor-element-populated\">\n\t\t\t\t\t\t\t<div class=\"elementor-widget-wrap\">\n\t\t\t\t\t\t<div class=\"elementor-element elementor-element-038453d elementor-widget elementor-widget-text-editor\" data-id=\"038453d\" data-element_type=\"widget\" data-widget_type=\"text-editor.default\">\n\t\t\t\t<div class=\"elementor-widget-container\">\n\t\t\t\t\t\t\t\t<div class=\"elementor-text-editor elementor-clearfix\">\n\t\t\t\t\t\t\t\t\t<\/div>\n\t\t\t\t\t\t<\/div>\n\t\t\t\t<\/div>\n\t\t\t\t\t\t<\/div>\n\t\t\t\t\t<\/div>\n\t\t<\/div>\n\t\t\t\t\t\t\t\t<\/div>\n\t\t\t\t\t<\/div>\n\t\t<\/section>\n\t\t\t\t\t\t\t\t\t<\/div>\n\t\t\t<\/div>\n\t\t\t\t\t<\/div>\n\t\t","protected":false},"excerpt":{"rendered":"<p>El Centro de Innovaci\u00f3n Tecnol\u00f3gica (CITec) A\u00f1o 2018 Nace como iniciativa de la Direcci\u00f3n de Servicios Telem\u00e1ticos de la Facultad de Ciencias Veterinarias de la Universidad Nacional del Litoral, con el prop\u00f3sito de promover, proponer, dise\u00f1ar, desarrollar materiales did\u00e1cticos mediados por tecnolog\u00eda, destinados a innovar y fortalecer las pr\u00e1cticas educativas. Fue creado por Resol. C.D. [&hellip;]<\/p>\n","protected":false},"author":1,"featured_media":0,"parent":0,"menu_order":0,"comment_status":"closed","ping_status":"closed","template":"","meta":[],"_links":{"self":[{"href":"https:\/\/fcv.unl.edu.ar\/citec\/index.php?rest_route=\/wp\/v2\/pages\/369"}],"collection":[{"href":"https:\/\/fcv.unl.edu.ar\/citec\/index.php?rest_route=\/wp\/v2\/pages"}],"about":[{"href":"https:\/\/fcv.unl.edu.ar\/citec\/index.php?rest_route=\/wp\/v2\/types\/page"}],"author":[{"embeddable":true,"href":"https:\/\/fcv.unl.edu.ar\/citec\/index.php?rest_route=\/wp\/v2\/users\/1"}],"replies":[{"embeddable":true,"href":"https:\/\/fcv.unl.edu.ar\/citec\/index.php?rest_route=%2Fwp%2Fv2%2Fcomments&post=369"}],"version-history":[{"count":262,"href":"https:\/\/fcv.unl.edu.ar\/citec\/index.php?rest_route=\/wp\/v2\/pages\/369\/revisions"}],"predecessor-version":[{"id":9796,"href":"https:\/\/fcv.unl.edu.ar\/citec\/index.php?rest_route=\/wp\/v2\/pages\/369\/revisions\/9796"}],"wp:attachment":[{"href":"https:\/\/fcv.unl.edu.ar\/citec\/index.php?rest_route=%2Fwp%2Fv2%2Fmedia&parent=369"}],"curies":[{"name":"wp","href":"https:\/\/api.w.org\/{rel}","templated":true}]}}